{"id":625,"date":"2025-11-25T19:50:52","date_gmt":"2025-11-25T19:50:52","guid":{"rendered":"https:\/\/sergiomm.eu\/?page_id=625"},"modified":"2026-03-19T21:13:38","modified_gmt":"2026-03-19T21:13:38","slug":"porfolio","status":"publish","type":"page","link":"https:\/\/sergiomm.eu\/en\/porfolio\/","title":{"rendered":"Porfolio"},"content":{"rendered":"<p>[et_pb_section fb_built=\u00bb1&#8243; admin_label=\u00bbsmm-03&#8243; module_id=\u00bbsmm-12&#8243; module_class=\u00bbsmm-03&#8243; _builder_version=\u00bb4.27.4&#8243; _module_preset=\u00bbdefault\u00bb background_color=\u00bbRGBA(255,255,255,0)\u00bb custom_padding=\u00bb0px||0px||false|false\u00bb locked=\u00bboff\u00bb global_colors_info=\u00bb{}\u00bb][et_pb_row column_structure=\u00bb1_2,1_2&#8243; _builder_version=\u00bb4.27.4&#8243; _module_preset=\u00bbdefault\u00bb width=\u00bb90%\u00bb width_tablet=\u00bb80%\u00bb width_phone=\u00bb90%\u00bb width_last_edited=\u00bboff|desktop\u00bb animation_style=\u00bbslide\u00bb animation_direction=\u00bbtop\u00bb hover_enabled=\u00bb0&#8243; global_colors_info=\u00bb{}\u00bb max_width=\u00bb100%\u00bb sticky_enabled=\u00bb0&#8243;][et_pb_column type=\u00bb1_2&#8243; _builder_version=\u00bb4.27.4&#8243; _module_preset=\u00bbdefault\u00bb global_colors_info=\u00bb{}\u00bb][et_pb_text _builder_version=\u00bb4.27.4&#8243; _module_preset=\u00bbdefault\u00bb link_text_color=\u00bb#CCCCCC\u00bb text_orientation_tablet=\u00bb\u00bb text_orientation_phone=\u00bbcenter\u00bb text_orientation_last_edited=\u00bbon|phone\u00bb global_colors_info=\u00bb{}\u00bb]<\/p>\n<ul>\n<li><a href=\"\/cv\">La persona<\/a><\/li>\n<li><a href=\"\/contacto\">Hablemos<\/a><\/li>\n<\/ul>\n<p>[\/et_pb_text][\/et_pb_column][et_pb_column type=\u00bb1_2&#8243; _builder_version=\u00bb4.27.4&#8243; _module_preset=\u00bbdefault\u00bb global_colors_info=\u00bb{}\u00bb][et_pb_text _builder_version=\u00bb4.27.4&#8243; _module_preset=\u00bbdefault\u00bb text_orientation=\u00bbright\u00bb locked=\u00bboff\u00bb global_colors_info=\u00bb{}\u00bb]<div class=\"trp-shortcode-switcher__wrapper\"\r\n     style=\"--bg:#ffffff00;--bg-hover:#00000000;--text:#cccccc;--text-hover:#cccccc50;--border:none;--border-width:0px;--border-color:#14385200;--border-radius:0px;--flag-radius:2px;--flag-size:18px;--aspect-ratio:4\/3;--font-size:14px;--transition-duration:0.2s\"\r\n     role=\"group\"\r\n     data-open-mode=\"hover\">\r\n\r\n    \r\n        <!-- Opposite mode: render ONLY the in-flow (relative) element so it holds space -->\r\n        <div class=\"trp-language-switcher trp-ls-dropdown trp-shortcode-switcher trp-shortcode-anchor trp-open-on-hover trp-opposite-button\"\r\n             role=\"navigation\"\r\n             aria-label=\"Website language selector\"\r\n             data-no-translation>\r\n                <div class=\"trp-current-language-item__wrapper trp-hide-arrow\">\r\n        <a class=\"trp-language-item trp-language-item__default\" data-no-translation href=\"https:\/\/sergiomm.eu\/en\/wp-json\/wp\/v2\/pages\/625#TRPLINKPROCESSED\" title=\"Espa\u00f1ol\"><span class=\"trp-language-item-name\">Espa\u00f1ol<\/span><\/a>            <\/div>\r\n            <\/div>\r\n\r\n    <\/div>\r\n[\/et_pb_text][\/et_pb_column][\/et_pb_row][\/et_pb_section][et_pb_section fb_built=\u00bb1&#8243; admin_label=\u00bbsmm-13&#8243; module_id=\u00bbsmm-13&#8243; module_class=\u00bbsmm-13&#8243; _builder_version=\u00bb4.27.4&#8243; _module_preset=\u00bbdefault\u00bb background_color=\u00bbRGBA(255,255,255,0)\u00bb custom_padding=\u00bb0px||0px||true|false\u00bb global_colors_info=\u00bb{}\u00bb][et_pb_row column_structure=\u00bb3_5,2_5&#8243; use_custom_gutter=\u00bbon\u00bb gutter_width=\u00bb2&#8243; make_equal=\u00bbon\u00bb custom_padding_last_edited=\u00bbon|desktop\u00bb _builder_version=\u00bb4.27.4&#8243; _module_preset=\u00bbdefault\u00bb width=\u00bb90%\u00bb custom_padding=\u00bb||1%||false|false\u00bb custom_padding_tablet=\u00bb||15px||false|false\u00bb custom_padding_phone=\u00bb||15px||false|false\u00bb global_colors_info=\u00bb{}\u00bb][et_pb_column type=\u00bb3_5&#8243; _builder_version=\u00bb4.27.4&#8243; _module_preset=\u00bbdefault\u00bb background_color=\u00bbrgba(0,0,0,0.6)\u00bb background_image=\u00bbhttp:\/\/sergiomm.eu\/wp-content\/uploads\/2025\/11\/bg-pontecerca-pc.jpg\u00bb background_blend=\u00bbmultiply\u00bb custom_padding=\u00bb200px||30px||false|false\u00bb custom_padding_tablet=\u00bb200px||30px||false|false\u00bb custom_padding_phone=\u00bb300px||50px||false|false\u00bb custom_padding_last_edited=\u00bbon|phone\u00bb animation_style=\u00bbslide\u00bb animation_direction=\u00bbleft\u00bb background_last_edited=\u00bboff|desktop\u00bb background_image_tablet=\u00bbhttp:\/\/sergiomm.eu\/wp-content\/uploads\/2025\/11\/bg-pontecerca-mvl.jpg\u00bb background_image_phone=\u00bbhttp:\/\/sergiomm.eu\/wp-content\/uploads\/2025\/11\/bg-pontecerca-mvl.jpg\u00bb background_enable_image_tablet=\u00bbon\u00bb background_enable_image_phone=\u00bbon\u00bb background_position_tablet=\u00bbcenter\u00bb global_colors_info=\u00bb{}\u00bb background__hover_enabled=\u00bbon|hover\u00bb background_color__hover=\u00bbrgba(0,0,0,0.8)\u00bb background_enable_color__hover=\u00bbon\u00bb][et_pb_blurb title=\u00bbPONTECERCA\u00bb image=\u00bbhttp:\/\/sergiomm.eu\/wp-content\/uploads\/2025\/11\/logo-pontecerca-porfolio.svg\u00bb icon_placement=\u00bbleft\u00bb image_icon_width=\u00bb110px\u00bb content_max_width=\u00bb100%\u00bb icon_placement_tablet=\u00bbleft\u00bb icon_placement_phone=\u00bbtop\u00bb icon_placement_last_edited=\u00bbon|phone\u00bb admin_label=\u00bbPONTECERCA\u00bb _builder_version=\u00bb4.27.4&#8243; _module_preset=\u00bbdefault\u00bb header_level=\u00bbh2&#8243; header_font=\u00bb|||on|||||\u00bb header_font_size=\u00bb34px\u00bb body_font=\u00bb|||on|||||\u00bb body_text_color=\u00bb#EFEFEF\u00bb body_font_size=\u00bb16px\u00bb background_layout=\u00bbdark\u00bb width=\u00bb95%\u00bb width_tablet=\u00bb95%\u00bb width_phone=\u00bb80%\u00bb width_last_edited=\u00bbon|phone\u00bb module_alignment=\u00bbcenter\u00bb animation_direction=\u00bbbottom\u00bb animation=\u00bbbottom\u00bb global_colors_info=\u00bb{}\u00bb]Dise\u00f1o web | Desarrollo web | Dise\u00f1o gr\u00e1fico | Gesti\u00f3n de proyectos[\/et_pb_blurb][\/et_pb_column][et_pb_column type=\u00bb2_5&#8243; _builder_version=\u00bb4.27.4&#8243; _module_preset=\u00bbdefault\u00bb background_color=\u00bbrgba(0,0,0,0.6)\u00bb background_image=\u00bbhttp:\/\/sergiomm.eu\/wp-content\/uploads\/2025\/11\/bg-sergiomm-pc.jpg\u00bb background_blend=\u00bbmultiply\u00bb custom_padding=\u00bb200px||30px||false|false\u00bb custom_padding_tablet=\u00bb200px||30px||false|false\u00bb custom_padding_phone=\u00bb300px||50px||false|false\u00bb custom_padding_last_edited=\u00bbon|phone\u00bb animation_style=\u00bbslide\u00bb animation_direction=\u00bbright\u00bb animation_delay=\u00bb500ms\u00bb background_last_edited=\u00bboff|desktop\u00bb background_image_tablet=\u00bbhttp:\/\/sergiomm.eu\/wp-content\/uploads\/2025\/11\/bg-sergiomm-mvl.jpg\u00bb background_enable_image_tablet=\u00bbon\u00bb global_colors_info=\u00bb{}\u00bb background__hover_enabled=\u00bbon|hover\u00bb background_color__hover=\u00bbrgba(0,0,0,0.8)\u00bb background_enable_color__hover=\u00bbon\u00bb][et_pb_blurb title=\u00bbSergio MM\u00bb image=\u00bbhttp:\/\/sergiomm.eu\/wp-content\/uploads\/2025\/11\/logo-sergiomm-porfolio.svg\u00bb icon_placement=\u00bbleft\u00bb image_icon_width=\u00bb110px\u00bb content_max_width=\u00bb100%\u00bb icon_placement_tablet=\u00bbleft\u00bb icon_placement_phone=\u00bbtop\u00bb icon_placement_last_edited=\u00bbon|phone\u00bb admin_label=\u00bbSergio MM\u00bb _builder_version=\u00bb4.27.4&#8243; _module_preset=\u00bbdefault\u00bb header_level=\u00bbh2&#8243; header_font=\u00bb|||on|||||\u00bb header_font_size=\u00bb34px\u00bb body_font=\u00bb|||on|||||\u00bb body_text_color=\u00bb#EFEFEF\u00bb body_font_size=\u00bb16px\u00bb background_layout=\u00bbdark\u00bb width=\u00bb95%\u00bb width_tablet=\u00bb95%\u00bb width_phone=\u00bb80%\u00bb width_last_edited=\u00bbon|phone\u00bb module_alignment=\u00bbcenter\u00bb animation_direction=\u00bbbottom\u00bb global_colors_info=\u00bb{}\u00bb]Branding | Dise\u00f1o web | Desarrollo web[\/et_pb_blurb][\/et_pb_column][\/et_pb_row][et_pb_row column_structure=\u00bb2_5,3_5&#8243; use_custom_gutter=\u00bbon\u00bb gutter_width=\u00bb2&#8243; make_equal=\u00bbon\u00bb custom_padding_last_edited=\u00bbon|phone\u00bb _builder_version=\u00bb4.27.4&#8243; _module_preset=\u00bbdefault\u00bb width=\u00bb90%\u00bb custom_padding=\u00bb1%||1%||true|false\u00bb custom_padding_tablet=\u00bb15px||15px||true|false\u00bb custom_padding_phone=\u00bb15px||15px||true|false\u00bb global_colors_info=\u00bb{}\u00bb][et_pb_column type=\u00bb2_5&#8243; _builder_version=\u00bb4.27.4&#8243; _module_preset=\u00bbdefault\u00bb background_color=\u00bbrgba(0,0,0,0.6)\u00bb background_image=\u00bbhttp:\/\/sergiomm.eu\/wp-content\/uploads\/2025\/11\/bg-teima-pc.jpg\u00bb background_blend=\u00bbmultiply\u00bb custom_padding=\u00bb200px||30px||false|false\u00bb custom_padding_tablet=\u00bb200px||30px||false|false\u00bb custom_padding_phone=\u00bb300px||50px||false|false\u00bb custom_padding_last_edited=\u00bbon|phone\u00bb animation_style=\u00bbslide\u00bb animation_direction=\u00bbleft\u00bb animation_delay=\u00bb500ms\u00bb background_last_edited=\u00bboff|desktop\u00bb background_image_tablet=\u00bbhttp:\/\/sergiomm.eu\/wp-content\/uploads\/2025\/11\/bg-teima-mvl.jpg\u00bb background_enable_image_tablet=\u00bbon\u00bb background_position_tablet=\u00bbcenter\u00bb global_colors_info=\u00bb{}\u00bb background__hover_enabled=\u00bbon|hover\u00bb background_color__hover=\u00bbrgba(0,0,0,0.8)\u00bb background_enable_color__hover=\u00bbon\u00bb][et_pb_blurb title=\u00bbTeima\u00bb image=\u00bbhttp:\/\/sergiomm.eu\/wp-content\/uploads\/2025\/11\/logo-teima-porfolio.svg\u00bb icon_placement=\u00bbleft\u00bb image_icon_width=\u00bb110px\u00bb content_max_width=\u00bb100%\u00bb icon_placement_tablet=\u00bbleft\u00bb icon_placement_phone=\u00bbtop\u00bb icon_placement_last_edited=\u00bbon|phone\u00bb admin_label=\u00bbTeima\u00bb _builder_version=\u00bb4.27.4&#8243; _module_preset=\u00bbdefault\u00bb header_level=\u00bbh2&#8243; header_font=\u00bb|||on|||||\u00bb header_font_size=\u00bb34px\u00bb body_font=\u00bb|||on|||||\u00bb body_text_color=\u00bb#EFEFEF\u00bb body_font_size=\u00bb16px\u00bb background_layout=\u00bbdark\u00bb width=\u00bb95%\u00bb width_tablet=\u00bb95%\u00bb width_phone=\u00bb80%\u00bb width_last_edited=\u00bbon|phone\u00bb module_alignment=\u00bbcenter\u00bb global_colors_info=\u00bb{}\u00bb]Branding[\/et_pb_blurb][\/et_pb_column][et_pb_column type=\u00bb3_5&#8243; _builder_version=\u00bb4.27.4&#8243; _module_preset=\u00bbdefault\u00bb background_color=\u00bbrgba(0,0,0,0.6)\u00bb background_image=\u00bbhttp:\/\/sergiomm.eu\/wp-content\/uploads\/2025\/11\/bg-leis-pc.jpg\u00bb background_blend=\u00bbmultiply\u00bb custom_padding=\u00bb200px||30px||false|false\u00bb custom_padding_tablet=\u00bb200px||30px||false|false\u00bb custom_padding_phone=\u00bb300px||50px||false|false\u00bb custom_padding_last_edited=\u00bbon|phone\u00bb animation_style=\u00bbslide\u00bb animation_direction=\u00bbright\u00bb background_last_edited=\u00bboff|tablet\u00bb background_image_tablet=\u00bbhttp:\/\/sergiomm.eu\/wp-content\/uploads\/2025\/11\/bg-leis-mvl.jpg\u00bb background_enable_image_tablet=\u00bbon\u00bb global_colors_info=\u00bb{}\u00bb background__hover_enabled=\u00bbon|desktop\u00bb background_color__hover=\u00bbrgba(0,0,0,0.8)\u00bb background_enable_color__hover=\u00bbon\u00bb][et_pb_blurb title=\u00bbStellae Leis Pontevedra F.S.\u00bb image=\u00bbhttp:\/\/sergiomm.eu\/wp-content\/uploads\/2025\/11\/logo-leis-porfolio.svg\u00bb icon_placement=\u00bbleft\u00bb image_icon_width=\u00bb110px\u00bb content_max_width=\u00bb100%\u00bb icon_placement_tablet=\u00bbleft\u00bb icon_placement_phone=\u00bbtop\u00bb icon_placement_last_edited=\u00bbon|phone\u00bb admin_label=\u00bbStellae Leis Pontevedra F.S.\u00bb _builder_version=\u00bb4.27.4&#8243; _module_preset=\u00bbdefault\u00bb header_level=\u00bbh2&#8243; header_font=\u00bb|||on|||||\u00bb header_font_size=\u00bb34px\u00bb body_font=\u00bb|||on|||||\u00bb body_text_color=\u00bb#EFEFEF\u00bb body_font_size=\u00bb16px\u00bb background_layout=\u00bbdark\u00bb width=\u00bb95%\u00bb width_tablet=\u00bb95%\u00bb width_phone=\u00bb80%\u00bb width_last_edited=\u00bbon|phone\u00bb module_alignment=\u00bbcenter\u00bb global_colors_info=\u00bb{}\u00bb]Rebranding | Dise\u00f1o deportivo | Dise\u00f1o gr\u00e1fico | Dise\u00f1o web[\/et_pb_blurb][\/et_pb_column][\/et_pb_row][et_pb_row column_structure=\u00bb3_5,2_5&#8243; use_custom_gutter=\u00bbon\u00bb gutter_width=\u00bb2&#8243; make_equal=\u00bbon\u00bb custom_padding_last_edited=\u00bbon|phone\u00bb _builder_version=\u00bb4.27.4&#8243; _module_preset=\u00bbdefault\u00bb width=\u00bb90%\u00bb custom_padding=\u00bb1%||1%||true|false\u00bb custom_padding_tablet=\u00bb15px||15px||true|false\u00bb custom_padding_phone=\u00bb15px||15px||true|false\u00bb global_colors_info=\u00bb{}\u00bb][et_pb_column type=\u00bb3_5&#8243; _builder_version=\u00bb4.27.4&#8243; _module_preset=\u00bbdefault\u00bb background_color=\u00bbrgba(0,0,0,0.6)\u00bb background_image=\u00bbhttp:\/\/sergiomm.eu\/wp-content\/uploads\/2025\/11\/bg-turonia-pc.jpg\u00bb background_position=\u00bbcenter_right\u00bb background_horizontal_offset=\u00bb25%\u00bb background_blend=\u00bbmultiply\u00bb custom_padding=\u00bb200px||30px||false|false\u00bb custom_padding_tablet=\u00bb200px||30px||false|false\u00bb custom_padding_phone=\u00bb300px||50px||false|false\u00bb custom_padding_last_edited=\u00bbon|phone\u00bb animation_style=\u00bbslide\u00bb animation_direction=\u00bbleft\u00bb background_last_edited=\u00bboff|desktop\u00bb background_image_tablet=\u00bbhttp:\/\/sergiomm.eu\/wp-content\/uploads\/2025\/11\/bg-turonia-mvl.jpg\u00bb background_enable_image_tablet=\u00bbon\u00bb background_position_tablet=\u00bbcenter\u00bb global_colors_info=\u00bb{}\u00bb background__hover_enabled=\u00bbon|desktop\u00bb background_color__hover=\u00bbrgba(0,0,0,0.8)\u00bb background_enable_color__hover=\u00bbon\u00bb][et_pb_blurb title=\u00bbTuronia Gondomar F.G.\u00bb image=\u00bbhttp:\/\/sergiomm.eu\/wp-content\/uploads\/2025\/11\/logo-turonia-porfolio.svg\u00bb icon_placement=\u00bbleft\u00bb image_icon_width=\u00bb110px\u00bb content_max_width=\u00bb100%\u00bb icon_placement_tablet=\u00bbleft\u00bb icon_placement_phone=\u00bbtop\u00bb icon_placement_last_edited=\u00bbon|phone\u00bb admin_label=\u00bbTuronia Gondomar F.G.\u00bb _builder_version=\u00bb4.27.4&#8243; _module_preset=\u00bbdefault\u00bb header_level=\u00bbh2&#8243; header_font=\u00bb|||on|||||\u00bb header_font_size=\u00bb34px\u00bb body_font=\u00bb|||on|||||\u00bb body_text_color=\u00bb#EFEFEF\u00bb body_font_size=\u00bb16px\u00bb background_layout=\u00bbdark\u00bb width=\u00bb95%\u00bb width_tablet=\u00bb95%\u00bb width_phone=\u00bb80%\u00bb width_last_edited=\u00bbon|phone\u00bb module_alignment=\u00bbcenter\u00bb global_colors_info=\u00bb{}\u00bb]Dise\u00f1o deportivo[\/et_pb_blurb][\/et_pb_column][et_pb_column type=\u00bb2_5&#8243; _builder_version=\u00bb4.27.4&#8243; _module_preset=\u00bbdefault\u00bb background_color=\u00bbrgba(0,0,0,0.6)\u00bb background_image=\u00bbhttp:\/\/sergiomm.eu\/wp-content\/uploads\/2025\/11\/bg-sergiomag-pc.jpg\u00bb background_blend=\u00bbmultiply\u00bb custom_padding=\u00bb200px||30px||false|false\u00bb custom_padding_tablet=\u00bb200px||30px||false|false\u00bb custom_padding_phone=\u00bb300px||50px||false|false\u00bb custom_padding_last_edited=\u00bbon|phone\u00bb animation_style=\u00bbslide\u00bb animation_direction=\u00bbright\u00bb animation_delay=\u00bb500ms\u00bb background_last_edited=\u00bboff|desktop\u00bb background_image_tablet=\u00bbhttp:\/\/sergiomm.eu\/wp-content\/uploads\/2025\/11\/bg-sergiomag-mvl.jpg\u00bb background_enable_image_tablet=\u00bbon\u00bb global_colors_info=\u00bb{}\u00bb background__hover_enabled=\u00bbon|hover\u00bb background_color__hover=\u00bbrgba(0,0,0,0.8)\u00bb background_enable_color__hover=\u00bbon\u00bb][et_pb_blurb title=\u00bbSergio MAG\u00bb image=\u00bbhttp:\/\/sergiomm.eu\/wp-content\/uploads\/2025\/11\/logo-sergiomag-porfolio.svg\u00bb icon_placement=\u00bbleft\u00bb image_icon_width=\u00bb110px\u00bb content_max_width=\u00bb100%\u00bb icon_placement_tablet=\u00bbleft\u00bb icon_placement_phone=\u00bbtop\u00bb icon_placement_last_edited=\u00bbon|phone\u00bb admin_label=\u00bbSergio MAG\u00bb _builder_version=\u00bb4.27.4&#8243; _module_preset=\u00bbdefault\u00bb header_level=\u00bbh2&#8243; header_font=\u00bb|||on|||||\u00bb header_font_size=\u00bb34px\u00bb body_font=\u00bb|||on|||||\u00bb body_text_color=\u00bb#EFEFEF\u00bb body_font_size=\u00bb16px\u00bb background_layout=\u00bbdark\u00bb width=\u00bb95%\u00bb width_tablet=\u00bb95%\u00bb width_phone=\u00bb80%\u00bb width_last_edited=\u00bbon|phone\u00bb module_alignment=\u00bbcenter\u00bb global_colors_info=\u00bb{}\u00bb]Dibujo | Ilustraci\u00f3n | Tatuaje[\/et_pb_blurb][\/et_pb_column][\/et_pb_row][et_pb_row column_structure=\u00bb2_5,3_5&#8243; use_custom_gutter=\u00bbon\u00bb gutter_width=\u00bb2&#8243; make_equal=\u00bbon\u00bb custom_padding_last_edited=\u00bbon|phone\u00bb _builder_version=\u00bb4.27.4&#8243; _module_preset=\u00bbdefault\u00bb width=\u00bb90%\u00bb custom_padding=\u00bb1%||||false|false\u00bb custom_padding_tablet=\u00bb15px||||false|false\u00bb custom_padding_phone=\u00bb15px||||false|false\u00bb animation_direction=\u00bbleft\u00bb global_colors_info=\u00bb{}\u00bb][et_pb_column type=\u00bb2_5&#8243; _builder_version=\u00bb4.27.4&#8243; _module_preset=\u00bbdefault\u00bb background_color=\u00bbrgba(0,0,0,0.6)\u00bb background_image=\u00bbhttp:\/\/sergiomm.eu\/wp-content\/uploads\/2025\/11\/bg-nomes-propios-pc.jpg\u00bb background_blend=\u00bbmultiply\u00bb custom_padding=\u00bb200px||30px||false|false\u00bb custom_padding_tablet=\u00bb200px||30px||false|false\u00bb custom_padding_phone=\u00bb300px||50px||false|false\u00bb custom_padding_last_edited=\u00bbon|phone\u00bb animation_style=\u00bbslide\u00bb animation_direction=\u00bbleft\u00bb animation_delay=\u00bb500ms\u00bb background_last_edited=\u00bboff|desktop\u00bb background_image_tablet=\u00bbhttp:\/\/sergiomm.eu\/wp-content\/uploads\/2025\/11\/bg-nomes-propios-mvl.jpg\u00bb background_enable_image_tablet=\u00bbon\u00bb background_position_tablet=\u00bbcenter\u00bb global_colors_info=\u00bb{}\u00bb background__hover_enabled=\u00bbon|hover\u00bb background_color__hover=\u00bbrgba(0,0,0,0.8)\u00bb background_enable_color__hover=\u00bbon\u00bb][et_pb_blurb title=\u00bbNomes Propios\u00bb image=\u00bbhttp:\/\/sergiomm.eu\/wp-content\/uploads\/2025\/11\/logo-nomes-propios.svg\u00bb icon_placement=\u00bbleft\u00bb image_icon_width=\u00bb110px\u00bb content_max_width=\u00bb100%\u00bb icon_placement_tablet=\u00bbleft\u00bb icon_placement_phone=\u00bbtop\u00bb icon_placement_last_edited=\u00bbon|phone\u00bb admin_label=\u00bbNomes Propios\u00bb _builder_version=\u00bb4.27.4&#8243; _module_preset=\u00bbdefault\u00bb header_level=\u00bbh2&#8243; header_font=\u00bb|||on|||||\u00bb header_font_size=\u00bb34px\u00bb body_font=\u00bb|||on|||||\u00bb body_text_color=\u00bb#EFEFEF\u00bb body_font_size=\u00bb16px\u00bb background_layout=\u00bbdark\u00bb width=\u00bb95%\u00bb width_tablet=\u00bb95%\u00bb width_phone=\u00bb80%\u00bb width_last_edited=\u00bbon|phone\u00bb module_alignment=\u00bbcenter\u00bb global_colors_info=\u00bb{}\u00bb]Branding | Dise\u00f1o gr\u00e1fico | Gesti\u00f3n de proyectos[\/et_pb_blurb][\/et_pb_column][et_pb_column type=\u00bb3_5&#8243; _builder_version=\u00bb4.27.4&#8243; _module_preset=\u00bbdefault\u00bb background_color=\u00bbrgba(0,0,0,0.6)\u00bb background_image=\u00bbhttp:\/\/sergiomm.eu\/wp-content\/uploads\/2025\/11\/bg-lume-pc.jpg\u00bb background_position=\u00bbcenter_right\u00bb background_horizontal_offset=\u00bb25%\u00bb background_blend=\u00bbmultiply\u00bb custom_padding=\u00bb200px||30px||false|false\u00bb custom_padding_tablet=\u00bb200px||30px||false|false\u00bb custom_padding_phone=\u00bb300px||50px||false|false\u00bb custom_padding_last_edited=\u00bbon|phone\u00bb animation_style=\u00bbslide\u00bb animation_direction=\u00bbright\u00bb background_last_edited=\u00bboff|desktop\u00bb background_image_tablet=\u00bbhttp:\/\/sergiomm.eu\/wp-content\/uploads\/2025\/11\/bg-lume-mvl.jpg\u00bb background_enable_image_tablet=\u00bbon\u00bb global_colors_info=\u00bb{}\u00bb background__hover_enabled=\u00bbon|hover\u00bb background_color__hover=\u00bbrgba(0,0,0,0.8)\u00bb background_enable_color__hover=\u00bbon\u00bb][et_pb_blurb title=\u00bbLume de Beltane F.G.\u00bb image=\u00bbhttp:\/\/sergiomm.eu\/wp-content\/uploads\/2025\/11\/logo-lume-profolio.svg\u00bb icon_placement=\u00bbleft\u00bb image_icon_width=\u00bb110px\u00bb content_max_width=\u00bb100%\u00bb icon_placement_tablet=\u00bbleft\u00bb icon_placement_phone=\u00bbtop\u00bb icon_placement_last_edited=\u00bbon|phone\u00bb admin_label=\u00bbLume de Beltane F.G.\u00bb _builder_version=\u00bb4.27.4&#8243; _module_preset=\u00bbdefault\u00bb header_level=\u00bbh2&#8243; header_font=\u00bb|||on|||||\u00bb header_font_size=\u00bb34px\u00bb body_font=\u00bb|||on|||||\u00bb body_text_color=\u00bb#EFEFEF\u00bb body_font_size=\u00bb16px\u00bb background_layout=\u00bbdark\u00bb width=\u00bb95%\u00bb width_tablet=\u00bb95%\u00bb width_phone=\u00bb80%\u00bb width_last_edited=\u00bbon|phone\u00bb module_alignment=\u00bbcenter\u00bb global_colors_info=\u00bb{}\u00bb]Branding | Dise\u00f1o web | Dise\u00f1o deportivo[\/et_pb_blurb][\/et_pb_column][\/et_pb_row][\/et_pb_section][et_pb_section fb_built=\u00bb1&#8243; admin_label=\u00bbsmm-14&#8243; module_id=\u00bbsmm-14&#8243; module_class=\u00bbsmm-11&#8243; _builder_version=\u00bb4.27.4&#8243; _module_preset=\u00bbdefault\u00bb background_color=\u00bbRGBA(255,255,255,0)\u00bb custom_padding=\u00bb0px||0px||true|false\u00bb locked=\u00bboff\u00bb global_colors_info=\u00bb{}\u00bb][et_pb_row column_structure=\u00bb1_2,1_2&#8243; _builder_version=\u00bb4.27.4&#8243; _module_preset=\u00bbdefault\u00bb background_color=\u00bbRGBA(255,255,255,0)\u00bb width=\u00bb90%\u00bb max_width=\u00bb380px\u00bb global_colors_info=\u00bb{}\u00bb][et_pb_column type=\u00bb1_2&#8243; _builder_version=\u00bb4.27.4&#8243; _module_preset=\u00bbdefault\u00bb global_colors_info=\u00bb{}\u00bb][et_pb_text admin_label=\u00bbEnlace cv\u00bb _builder_version=\u00bb4.27.4&#8243; _module_preset=\u00bbdefault\u00bb link_text_color=\u00bb#CCCCCC\u00bb module_alignment=\u00bbright\u00bb animation_style=\u00bbslide\u00bb animation_direction=\u00bbleft\u00bb global_colors_info=\u00bb{}\u00bb]<a href=\"\/cv\">La persona<\/a>[\/et_pb_text][\/et_pb_column][et_pb_column type=\u00bb1_2&#8243; _builder_version=\u00bb4.27.4&#8243; _module_preset=\u00bbdefault\u00bb global_colors_info=\u00bb{}\u00bb][et_pb_text admin_label=\u00bbEnlace contacto\u00bb _builder_version=\u00bb4.27.4&#8243; _module_preset=\u00bbdefault\u00bb link_text_color=\u00bb#CCCCCC\u00bb module_alignment=\u00bbleft\u00bb animation_style=\u00bbslide\u00bb animation_direction=\u00bbright\u00bb global_colors_info=\u00bb{}\u00bb]<a href=\"\/contacto\">Hablemos<\/a>[\/et_pb_text][\/et_pb_column][\/et_pb_row][\/et_pb_section]<\/p>\n","protected":false},"excerpt":{"rendered":"<p>La persona Hablemos <div class=\"trp-shortcode-switcher__wrapper\"\r\n     style=\"--bg:#ffffff00;--bg-hover:#00000000;--text:#cccccc;--text-hover:#cccccc50;--border:none;--border-width:0px;--border-color:#14385200;--border-radius:0px;--flag-radius:2px;--flag-size:18px;--aspect-ratio:4\/3;--font-size:14px;--transition-duration:0.2s\"\r\n     role=\"group\"\r\n     data-open-mode=\"hover\">\r\n\r\n    \r\n        <!-- Opposite mode: render ONLY the in-flow (relative) element so it holds space -->\r\n        <div class=\"trp-language-switcher trp-ls-dropdown trp-shortcode-switcher trp-shortcode-anchor trp-open-on-hover trp-opposite-button\"\r\n             role=\"navigation\"\r\n             aria-label=\"Website language selector\"\r\n             data-no-translation>\r\n                <div class=\"trp-current-language-item__wrapper trp-hide-arrow\">\r\n        <a class=\"trp-language-item trp-language-item__default\" data-no-translation href=\"https:\/\/sergiomm.eu\/en\/wp-json\/wp\/v2\/pages\/625\" title=\"Espa\u00f1ol\"><span class=\"trp-language-item-name\">Espa\u00f1ol<\/span><\/a>            <\/div>\r\n            <\/div>\r\n\r\n    <\/div>\r\nDise\u00f1o web | Desarrollo web | Dise\u00f1o gr\u00e1fico | Gesti\u00f3n de proyectosBranding | Dise\u00f1o web | Desarrollo webBrandingRebranding | Dise\u00f1o deportivo | Dise\u00f1o gr\u00e1fico | Dise\u00f1o webDise\u00f1o deportivoDibujo | Ilustraci\u00f3n | TatuajeBranding | Dise\u00f1o gr\u00e1fico | Gesti\u00f3n de proyectosBranding | Dise\u00f1o web | Dise\u00f1o deportivoLa personaHablemos<\/p>","protected":false},"author":1,"featured_media":0,"parent":0,"menu_order":0,"comment_status":"closed","ping_status":"closed","template":"","meta":{"_et_pb_use_builder":"on","_et_pb_old_content":"","_et_gb_content_width":"","inline_featured_image":false,"footnotes":""},"class_list":["post-625","page","type-page","status-publish","hentry"],"_links":{"self":[{"href":"https:\/\/sergiomm.eu\/en\/wp-json\/wp\/v2\/pages\/625","targetHints":{"allow":["GET"]}}],"collection":[{"href":"https:\/\/sergiomm.eu\/en\/wp-json\/wp\/v2\/pages"}],"about":[{"href":"https:\/\/sergiomm.eu\/en\/wp-json\/wp\/v2\/types\/page"}],"author":[{"embeddable":true,"href":"https:\/\/sergiomm.eu\/en\/wp-json\/wp\/v2\/users\/1"}],"replies":[{"embeddable":true,"href":"https:\/\/sergiomm.eu\/en\/wp-json\/wp\/v2\/comments?post=625"}],"version-history":[{"count":41,"href":"https:\/\/sergiomm.eu\/en\/wp-json\/wp\/v2\/pages\/625\/revisions"}],"predecessor-version":[{"id":788,"href":"https:\/\/sergiomm.eu\/en\/wp-json\/wp\/v2\/pages\/625\/revisions\/788"}],"wp:attachment":[{"href":"https:\/\/sergiomm.eu\/en\/wp-json\/wp\/v2\/media?parent=625"}],"curies":[{"name":"wp","href":"https:\/\/api.w.org\/{rel}","templated":true}]}}